{"id":171,"date":"2017-10-22T18:40:03","date_gmt":"2017-10-22T15:40:03","guid":{"rendered":"http:\/\/liceul-cehov.md\/?page_id=171"},"modified":"2022-02-16T15:44:05","modified_gmt":"2022-02-16T12:44:05","slug":"%d0%bf%d0%b5%d0%b4%d0%b0%d0%b3%d0%be%d0%b3%d0%b0%d0%bc","status":"publish","type":"page","link":"http:\/\/liceul-cehov.md\/?page_id=171","title":{"rendered":"\u0414\u0438\u0441\u0446\u0438\u043f\u043b\u0438\u043d\u044b \u043f\u043e \u0432\u044b\u0431\u043e\u0440\u0443"},"content":{"rendered":"<h5><em><strong>\u0421\u043f\u0438\u0441\u043e\u043a \u0434\u0438\u0441\u0446\u0438\u043f\u043b\u0438\u043d \u043f\u043e \u0432\u044b\u0431\u043e\u0440\u0443:<\/strong><\/em><br \/>\n1. \u0412 \u0446\u0430\u0440\u0441\u0442\u0432\u0435 \u043c\u0430\u0442\u0435\u043c\u0430\u0442\u0438\u043a\u0438 (\u00cemp\u0103r\u0103\u021bia lui MATE);<br \/>\n2. \u041c\u0430\u0442\u0435\u043c\u0430\u0442\u0438\u043a\u0430 \u0432 \u043f\u043e\u0432\u0441\u0435\u0434\u043d\u0435\u0432\u043d\u043e\u0439 \u0436\u0438\u0437\u043d\u0438 (Matematica \u00een Cotidian);<br \/>\n3. \u042d\u043a\u043e\u043b\u043e\u0433\u0438\u0447\u0435\u0441\u043a\u043e\u0435 \u0432\u043e\u0441\u043f\u0438\u0442\u0430\u043d\u0438\u0435 (Educa\u021bia ecologic\u0103);<br \/>\n4. \u041f\u0440\u0430\u0432\u0430 \u0447\u0435\u043b\u043e\u0432\u0435\u043a\u0430;<br \/>\n5. \u0421\u043e\u0446\u0438\u0430\u043b\u044c\u043d\u043e-\u0444\u0438\u043d\u0430\u043d\u0441\u043e\u0432\u043e\u0435 \u0432\u043e\u0441\u043f\u0438\u0442\u0430\u043d\u0438\u0435 (Educa\u021bia social financiar\u0103);<br \/>\n6. \u0426\u0438\u0432\u0438\u043b\u0438\u0437\u0430\u0446\u0438\u044f \u0421\u0428\u0410,\u0412\u0435\u043b\u0438\u043a\u043e\u0431\u0440\u0438\u0442\u0430\u043d\u0438\u0438;<br \/>\n7. \u0418\u043d\u0444\u043e\u0440\u043c\u0430\u0442\u0438\u043a\u0430(V-VI cl.);<br \/>\n8. \u0418\u043d\u0444\u043e\u0440\u043c\u0430\u0446\u0438\u043e\u043d\u043d\u043e-\u043a\u043e\u043c\u043c\u0443\u043d\u0438\u043a\u0430\u0446\u0438\u043e\u043d\u043d\u044b\u0435 \u0442\u0435\u0445\u043d\u043e\u043b\u043e\u0433\u0438\u0438;<br \/>\n9. \u0418\u0441\u0442\u043e\u0440\u0438\u044f \u043c\u0430\u0442\u0435\u043c\u0430\u0442\u0438\u043a\u0438.<br \/>\n10. \u041f\u0440\u043e\u0435\u043a\u0442\u0438\u0440\u043e\u0432\u0430\u043d\u0438\u0435 \u0438 \u0440\u0430\u0437\u0440\u0430\u0431\u043e\u0442\u043a\u0430 WEB;<br \/>\n11.\u041f\u0440\u043e\u0433\u0440\u0430\u043c\u043c\u0438\u0440\u0432\u0430\u043d\u0438\u0435\u0421\/\u0421++.<\/h5>\n<p>&nbsp;<\/p>\n","protected":false},"excerpt":{"rendered":"<p>\u0421\u043f\u0438\u0441\u043e\u043a \u0434\u0438\u0441\u0446\u0438\u043f\u043b\u0438\u043d \u043f\u043e \u0432\u044b\u0431\u043e\u0440\u0443: 1. \u0412 \u0446\u0430\u0440\u0441\u0442\u0432\u0435 \u043c\u0430\u0442\u0435\u043c\u0430\u0442\u0438\u043a\u0438 (\u00cemp\u0103r\u0103\u021bia lui MATE); 2. \u041c\u0430\u0442\u0435\u043c\u0430\u0442\u0438\u043a\u0430 \u0432 \u043f\u043e\u0432\u0441\u0435\u0434\u043d\u0435\u0432\u043d\u043e\u0439 \u0436\u0438\u0437\u043d\u0438 (Matematica \u00een Cotidian); 3. \u042d\u043a\u043e\u043b\u043e\u0433\u0438\u0447\u0435\u0441\u043a\u043e\u0435 \u0432\u043e\u0441\u043f\u0438\u0442\u0430\u043d\u0438\u0435 (Educa\u021bia ecologic\u0103); 4. \u041f\u0440\u0430\u0432\u0430 \u0447\u0435\u043b\u043e\u0432\u0435\u043a\u0430; 5. \u0421\u043e\u0446\u0438\u0430\u043b\u044c\u043d\u043e-\u0444\u0438\u043d\u0430\u043d\u0441\u043e\u0432\u043e\u0435 \u0432\u043e\u0441\u043f\u0438\u0442\u0430\u043d\u0438\u0435 (Educa\u021bia social financiar\u0103); 6. \u0426\u0438\u0432\u0438\u043b\u0438\u0437\u0430\u0446\u0438\u044f \u0421\u0428\u0410,\u0412\u0435\u043b\u0438\u043a\u043e\u0431\u0440\u0438\u0442\u0430\u043d\u0438\u0438; 7. \u0418\u043d\u0444\u043e\u0440\u043c\u0430\u0442\u0438\u043a\u0430(V-VI cl.); 8. \u0418\u043d\u0444\u043e\u0440\u043c\u0430\u0446\u0438\u043e\u043d\u043d\u043e-\u043a\u043e\u043c\u043c\u0443\u043d\u0438\u043a\u0430\u0446\u0438\u043e\u043d\u043d\u044b\u0435 \u0442\u0435\u0445\u043d\u043e\u043b\u043e\u0433\u0438\u0438; 9. \u0418\u0441\u0442\u043e\u0440\u0438\u044f \u043c\u0430\u0442\u0435\u043c\u0430\u0442\u0438\u043a\u0438. 10. \u041f\u0440\u043e\u0435\u043a\u0442\u0438\u0440\u043e\u0432\u0430\u043d\u0438\u0435 \u0438 \u0440\u0430\u0437\u0440\u0430\u0431\u043e\u0442\u043a\u0430 WEB; 11.\u041f\u0440\u043e\u0433\u0440\u0430\u043c\u043c\u0438\u0440\u0432\u0430\u043d\u0438\u0435\u0421\/\u0421++. &nbsp;<\/p>\n","protected":false},"author":1,"featured_media":0,"parent":0,"menu_order":0,"comment_status":"closed","ping_status":"closed","template":"","meta":{"ngg_post_thumbnail":0,"footnotes":""},"class_list":["post-171","page","type-page","status-publish","hentry"],"_links":{"self":[{"href":"http:\/\/liceul-cehov.md\/index.php?rest_route=\/wp\/v2\/pages\/171","targetHints":{"allow":["GET"]}}],"collection":[{"href":"http:\/\/liceul-cehov.md\/index.php?rest_route=\/wp\/v2\/pages"}],"about":[{"href":"http:\/\/liceul-cehov.md\/index.php?rest_route=\/wp\/v2\/types\/page"}],"author":[{"embeddable":true,"href":"http:\/\/liceul-cehov.md\/index.php?rest_route=\/wp\/v2\/users\/1"}],"replies":[{"embeddable":true,"href":"http:\/\/liceul-cehov.md\/index.php?rest_route=%2Fwp%2Fv2%2Fcomments&post=171"}],"version-history":[{"count":3,"href":"http:\/\/liceul-cehov.md\/index.php?rest_route=\/wp\/v2\/pages\/171\/revisions"}],"predecessor-version":[{"id":1373,"href":"http:\/\/liceul-cehov.md\/index.php?rest_route=\/wp\/v2\/pages\/171\/revisions\/1373"}],"wp:attachment":[{"href":"http:\/\/liceul-cehov.md\/index.php?rest_route=%2Fwp%2Fv2%2Fmedia&parent=171"}],"curies":[{"name":"wp","href":"https:\/\/api.w.org\/{rel}","templated":true}]}}