{"id":167,"date":"2017-10-22T18:39:31","date_gmt":"2017-10-22T15:39:31","guid":{"rendered":"http:\/\/liceul-cehov.md\/?page_id=167"},"modified":"2026-04-24T12:28:46","modified_gmt":"2026-04-24T09:28:46","slug":"%d1%80%d0%be%d0%b4%d0%b8%d1%82%d0%b5%d0%bb%d1%8f%d0%bc","status":"publish","type":"page","link":"http:\/\/liceul-cehov.md\/?page_id=167","title":{"rendered":"\u0411\u044e\u0434\u0436\u0435\u0442"},"content":{"rendered":"<h2>Buget 2025<\/h2>\n<h4><a href=\"http:\/\/liceul-cehov.md\/wp-content\/uploads\/2026\/02\/Raspundere-manageriala.pdf\">Raspundere manageriala<\/a><\/h4>\n<h4><a href=\"http:\/\/liceul-cehov.md\/wp-content\/uploads\/2026\/01\/Realizarea-achizitiilor-publice-de-valoarea-mica.pdf\">Realizarea achizitiilor publice de valoarea mica<\/a><\/h4>\n<h4><a href=\"http:\/\/liceul-cehov.md\/wp-content\/uploads\/2025\/07\/RAPORT_privind_monitorizarea_contractelor_de_achizitii_publice.pdf\">RAPO<\/a><a href=\"http:\/\/liceul-cehov.md\/wp-content\/uploads\/2025\/07\/RAPORT_privind_monitorizarea_contractelor_de_achizitii_publice.pdf\">RT_privind_monitorizarea_contractelor_de_achizitii_publice<\/a><\/h4>\n<h4><a href=\"http:\/\/liceul-cehov.md\/wp-content\/uploads\/2025\/03\/IPLT-Anton-Cehov-raport-privind-monitorizarea-contractelor-de-achizitii-publice-incheiate-in-anul-2024.pdf\">IPLT Anton Cehov, raport privind monitorizarea contractelor de achizi\u0163ii publice \u00eencheiate \u00een anul 2024<\/a><\/h4>\n<h4><a href=\"http:\/\/liceul-cehov.md\/wp-content\/uploads\/2025\/03\/IPLT-Anton-Cehov-bugetul-provizoriu-pentru-anul-2025.pdf\">IPLT Anton Cehov, bugetul provizoriu pentru anul 2025<\/a><\/h4>\n<h4><a href=\"http:\/\/liceul-cehov.md\/wp-content\/uploads\/2025\/03\/IPLT-Anton-Cehov-bunuri-donate-in-anul-2024.pdf\">IPLT Anton Cehov, bunuri donate \u00een anul 2024<\/a> <a href=\"http:\/\/liceul-cehov.md\/wp-content\/uploads\/2025\/03\/IPLT-Anton-Cehov-bunuri-intrate-cu-titlu-gratuit-in-anul-2024.pdf\">IPLT Anton Cehov<\/a><\/h4>\n<h4><a href=\"http:\/\/liceul-cehov.md\/wp-content\/uploads\/2025\/03\/IPLT-Anton-Cehov-bunuri-intrate-cu-titlu-gratuit-in-anul-2024.pdf\"> bunuri intrate cu titlu gratuit \u00een anul 2024<\/a><\/h4>\n<h4><a href=\"http:\/\/liceul-cehov.md\/wp-content\/uploads\/2025\/03\/IPLT-Anton-Cehov-plan-de-achizitii-pentru-anul-2025.pdf\">IPLT Anton Cehov, plan de achizi\u0163ii pentru anul 2025<\/a><\/h4>\n<p>&nbsp;<\/p>\n<h4>Executat<\/h4>\n<h4><a href=\"http:\/\/liceul-cehov.md\/wp-content\/uploads\/2026\/04\/IPLT-Anton-Cehov_-cheltuieli-martie-2026.pdf\">IPLT Anton Cehov_ cheltuieli martie 2026<\/a><\/h4>\n<h4><a href=\"http:\/\/liceul-cehov.md\/wp-content\/uploads\/2026\/04\/IPLT-Anton-Cehov-cheltuieli-februarie-2026-1.pdf\">IPLT Anton Cehov, cheltuieli februarie 2026 (1)<\/a><\/h4>\n<h4><a href=\"http:\/\/liceul-cehov.md\/wp-content\/uploads\/2026\/02\/IPLT-Anton-Cehov-cheltuieli-ianuarie-2026.pdf\">IPLT Anton Cehov, cheltuieli ianuarie 2026<\/a><\/h4>\n<h4><a href=\"http:\/\/liceul-cehov.md\/wp-content\/uploads\/2026\/01\/IPLT-_AntonCehov_decembrie_2025.pdf\">IPLT _AntonCehov_decembrie_2025<\/a><\/h4>\n<h4><a href=\"http:\/\/liceul-cehov.md\/wp-content\/uploads\/2025\/12\/IPLT-Anton-Cehov-cheltuieli-noiembrie.pdf\">IPLT Anton Cehov cheltuieli noiembrie<\/a><\/h4>\n<h4><a href=\"http:\/\/liceul-cehov.md\/wp-content\/uploads\/2025\/11\/IPLT-Anton_Cehov_octombrie.pdf\">IPLT Anton_Cehov_octombrie<\/a><\/h4>\n<h4><a href=\"http:\/\/liceul-cehov.md\/wp-content\/uploads\/2025\/10\/IPLT-Anton-Cehov-cheltuieli-septembrie-2025.pdf\">IPLT Anton Cehov cheltuieli septembrie 2025<\/a><\/h4>\n<h4><a href=\"http:\/\/liceul-cehov.md\/wp-content\/uploads\/2025\/09\/IPLT-Anton-Cehov-cheltuieli-august-2025.pdf\">IPLT Anton Cehov, cheltuieli august 2025<\/a><\/h4>\n<h4><a href=\"http:\/\/liceul-cehov.md\/wp-content\/uploads\/2025\/08\/IPLT-Anton_Cehov-cheltuieli-iulie-2025.pdf\">IPLT Anton_Cehov, cheltuieli iulie 2025<\/a><\/h4>\n<h4><a href=\"http:\/\/liceul-cehov.md\/wp-content\/uploads\/2025\/07\/IPLT-Anton-Cehov-cheltuieli-iunie-2025.pdf\">IPLT Anton Cehov, cheltuieli iunie 2025<\/a><\/h4>\n<h4><a href=\"http:\/\/liceul-cehov.md\/wp-content\/uploads\/2025\/06\/IPLT_AntonCehov_cheltuieli_mai2025.pdf\">IPLT_AntonCehov_cheltuieli_mai2025<\/a><\/h4>\n<h4><a href=\"http:\/\/liceul-cehov.md\/wp-content\/uploads\/2025\/05\/IPLT-Anton-Cehov-cheltuieli-aprilie-2025.pdf\">IPLT Anton Cehov, cheltuieli aprilie 2025<\/a><\/h4>\n<h4><a href=\"http:\/\/liceul-cehov.md\/wp-content\/uploads\/2025\/04\/IPLT-Anton-Cehov-cheltuieli-martie-2025.pdf\">IPLT Anton Cehov, cheltuieli martie 2025<\/a><\/h4>\n<h4><a href=\"http:\/\/liceul-cehov.md\/wp-content\/uploads\/2025\/03\/IPLT-Anton-Cehov-cheltuieli-februarie-2025-1.pdf\">IPLT Anton Cehov, cheltuieli februarie 2025<\/a><\/h4>\n<h4><em><strong>Rapoarte<\/strong><\/em><\/h4>\n<h4><a href=\"http:\/\/liceul-cehov.md\/wp-content\/uploads\/2023\/09\/Raport_anual_de_activitate_IPLT-Anton-Cehov_2022-2023.pdf\">Raport_anual_de_activitate_IPLT Anton Cehov_2022-2023<\/a><\/h4>\n<h4><a href=\"http:\/\/liceul-cehov.md\/wp-content\/uploads\/2022\/08\/Raport_de_activitate_IPLT-Anton-Cehov_2021-2022.pdf\">Raport_de_activitate_IPLT Anton Cehov_2021-2022<\/a><\/h4>\n<h4><a href=\"http:\/\/liceul-cehov.md\/wp-content\/uploads\/2022\/12\/IPLT-Anton-Cehov-executarea-bugetului-pentru-anul-2022-alocatii-pentru-GPP.pdf\">IPLT Anton Cehov, executarea bugetului pentru anul 2022<\/a><a href=\"http:\/\/liceul-cehov.md\/wp-content\/uploads\/2022\/12\/IPLT-Anton-Cehov-executarea-bugetului-pentru-anul-2022-alocatii-pentru-GPP.pdf\">alocatii pentru GPP<\/a><\/h4>\n<h4><a href=\"http:\/\/liceul-cehov.md\/wp-content\/uploads\/2022\/12\/Ordine-cu-grupa-cu-program-prelungit.pdf\">Ordine cu grupa cu program prelungit<\/a><\/h4>\n<h4><a href=\"http:\/\/liceul-cehov.md\/wp-content\/uploads\/2022\/12\/Activitatea-lunara-a-GPP.pdf\">Activitatea lunara a GPP<\/a><\/h4>\n<h4><a href=\"http:\/\/liceul-cehov.md\/wp-content\/uploads\/2022\/12\/Programul-de-activitate-a-fiecarei-grupe-cu-program-prelungit.pdf\">Programul de activitate a fiecarei grupe cu program prelungit<\/a><\/h4>\n<h4><em><strong>Declara\u021bii<\/strong><\/em><\/h4>\n<h4><a href=\"http:\/\/liceul-cehov.md\/wp-content\/uploads\/2024\/01\/Declaratia-de-raspundere-manageriala-pentru-anul-2023.pdf\">Declara\u0163ia de r\u0103spundere<\/a><a href=\"http:\/\/liceul-cehov.md\/wp-content\/uploads\/2024\/01\/Declaratia-de-raspundere-manageriala-pentru-anul-2023.pdf\"> man<\/a><a href=\"http:\/\/liceul-cehov.md\/wp-content\/uploads\/2024\/01\/Declaratia-de-raspundere-manageriala-pentru-anul-2023.pdf\">agerial\u0103<\/a><a href=\"http:\/\/liceul-cehov.md\/wp-content\/uploads\/2024\/01\/Declaratia-de-raspundere-manageriala-pentru-anul-2023.pdf\"> pentru anul 2023<\/a><\/h4>\n<h4><a href=\"http:\/\/liceul-cehov.md\/wp-content\/uploads\/2022\/07\/Declaratie_de_raspundere_manageriala.pdf\">Declaratie_de_raspundere_manageriala<\/a><\/h4>\n<h4><a href=\"http:\/\/liceul-cehov.md\/wp-content\/uploads\/2023\/03\/Declaratia-de-raspundere-manageriala.pdf\">Declara\u0163ia de r\u0103spundere managerial\u0103<\/a><\/h4>\n<h4><em><strong>\u0411\u044e\u0434\u0436\u0435\u0442&nbsp; \u043d\u0430 2022 \u0433\u043e\u0434<br><\/strong><\/em><em><strong><a href=\"http:\/\/liceul-cehov.md\/wp-content\/uploads\/2022\/02\/Buget-anul-2022-IPLT-Anton-Cehov.pdf\">Buget anul 2022 IPLT Anton Cehov<\/a><br><a href=\"http:\/\/liceul-cehov.md\/wp-content\/uploads\/2022\/02\/Darea-de-seama.pdf\">Darea de seama<\/a><br><a href=\"http:\/\/liceul-cehov.md\/wp-content\/uploads\/2022\/02\/Plan-de-achizitii-2022.pdf\">Plan de achizitii 2022<\/a><br><a href=\"http:\/\/liceul-cehov.md\/wp-content\/uploads\/2022\/12\/IPLT-Anton-Cehov-Plan-de-achizitii-pentru-anul-2022-modificat-la-19.09.2022-1.pdf\">IPLT Anton Cehov, Plan de achizitii pentru anul 2022, modificat la 19.09.2022<\/a><br><\/strong><\/em><\/h4>\n<h5>&nbsp;<\/h5>\n<h5><em><strong>Dona\u021bii&nbsp;<br><\/strong><\/em><a href=\"http:\/\/liceul-cehov.md\/wp-content\/uploads\/2023\/11\/IPLT-Anton-Cehov-darea-de-seama-privind-realizarea-achizitiilor-publice-de-valoare-mica.pdf\">IPLT<\/a><a href=\"http:\/\/liceul-cehov.md\/wp-content\/uploads\/2023\/11\/IPLT-Anton-Cehov-darea-de-seama-privind-realizarea-achizitiilor-publice-de-valoare-mica.pdf\"> Anton<\/a><a href=\"http:\/\/liceul-cehov.md\/wp-content\/uploads\/2023\/11\/IPLT-Anton-Cehov-darea-de-seama-privind-realizarea-achizitiilor-publice-de-valoare-mica.pdf\"> Ceho<\/a><a href=\"http:\/\/liceul-cehov.md\/wp-content\/uploads\/2023\/11\/IPLT-Anton-Cehov-darea-de-seama-privind-realizarea-achizitiilor-publice-de-valoare-mica.pdf\">v,<\/a><a href=\"http:\/\/liceul-cehov.md\/wp-content\/uploads\/2023\/11\/IPLT-Anton-Cehov-darea-de-seama-privind-realizarea-achizitiilor-publice-de-valoare-mica.pdf\"> darea de<\/a><a href=\"http:\/\/liceul-cehov.md\/wp-content\/uploads\/2023\/11\/IPLT-Anton-Cehov-darea-de-seama-privind-realizarea-achizitiilor-publice-de-valoare-mica.pdf\"> sea<\/a><a href=\"http:\/\/liceul-cehov.md\/wp-content\/uploads\/2023\/11\/IPLT-Anton-Cehov-darea-de-seama-privind-realizarea-achizitiilor-publice-de-valoare-mica.pdf\">ma<\/a><a href=\"http:\/\/liceul-cehov.md\/wp-content\/uploads\/2023\/11\/IPLT-Anton-Cehov-darea-de-seama-privind-realizarea-achizitiilor-publice-de-valoare-mica.pdf\"> privind realizarea achizi\u0163iilor publice de valoare mica<\/a><em><strong><br><\/strong><\/em><\/h5>\n<h5><a href=\"http:\/\/liceul-cehov.md\/wp-content\/uploads\/2023\/11\/IPLT-Anton-Cehov-bunuri-cu-titlu-gratuit-octombrie-2023.pdf\">IPLT Anton Cehov, bunuri cu titlu gratuit, octombrie 2023<\/a><\/h5>\n<h5><a href=\"http:\/\/liceul-cehov.md\/wp-content\/uploads\/2023\/08\/IPLT-Anton-Cehov-bunuri-cu-titlu-gratuit-iulie-2023.pdf\">IPLT Anton Cehov, bunuri cu titlu gratuit, iulie 2023<\/a><\/h5>\n<h5><a href=\"http:\/\/liceul-cehov.md\/wp-content\/uploads\/2022\/12\/IPLT-Anton-Cehov-lista-bunurilor-donate-in-anul-2022.pdf\">IPLT Anton Cehov, lista bunurilor donate \u00een anul 2022<\/a><\/h5>\n<h5><a href=\"http:\/\/liceul-cehov.md\/wp-content\/uploads\/2022\/02\/Dona\u021bii-pe-parcursul-anului-2021.pdf\">Dona\u021bii pe parcursul anului 2021<\/a><\/h5>\n<p>&nbsp;<\/p>\n<h4>Bugetul pentru anul 2023<\/h4>\n<h4><a href=\"http:\/\/liceul-cehov.md\/wp-content\/uploads\/2023\/02\/Bugetul-pentru-anul-2023.pdf\">Bugetul pentru anul 2023<\/a><\/h4>\n<h3>2024<\/h3>\n<h4><a href=\"http:\/\/liceul-cehov.md\/wp-content\/uploads\/2024\/04\/IPLT-Anton-Cehov-Planul-de-achizitii-pentru-anul-2024-modificat.pdf\">IPLT Anton Cehov, Planul de achizi\u0163ii pentru anul 2024 modificat<\/a><\/h4>\n<h4><a href=\"http:\/\/liceul-cehov.md\/wp-content\/uploads\/2024\/02\/IPLT-Anton-Cehov-plan-de-achizitii-pentru-anul-2024.pdf\">IPLT Anton Cehov, plan de achizi\u0163ii pentru anul 2024<\/a><\/h4>\n<h3><strong>Buget executat:<\/strong><\/h3>\n<h4><a href=\"http:\/\/liceul-cehov.md\/wp-content\/uploads\/2025\/03\/IPLT-Anton-Cehov-cheltuieli-februarie-2025.pdf\">IPLT Anton Cehov, cheltuieli februarie 2025<\/a><\/h4>\n<h4><a href=\"http:\/\/liceul-cehov.md\/wp-content\/uploads\/2025\/02\/\u041e\u0442\u0447\u0435\u0442-\u043e-\u0432\u044b\u043f\u043e\u043b\u043d\u0435\u043d\u0438\u0438-\u043f\u0440\u043e\u0433\u0440\u0430\u043c\u043c\u044b.pdf\">\u041e\u0442\u0447\u0435\u0442 \u043e \u0432\u044b\u043f\u043e\u043b\u043d\u0435\u043d\u0438\u0438 \u043f\u0440\u043e\u0433\u0440\u0430\u043c\u043c\u044b<\/a><\/h4>\n<h4><a href=\"http:\/\/liceul-cehov.md\/wp-content\/uploads\/2025\/02\/IPLT-Anton-Cehov-cheltuieli-ianuarie-2025.pdf\">IPLT Anton Cehov, cheltuieli ianuarie 2025<\/a><\/h4>\n<h4><a href=\"http:\/\/liceul-cehov.md\/wp-content\/uploads\/2025\/01\/IPLT-Anton-Cehov-cheltuieli-decembrie-2024.pdf\">IPLT Anton Cehov, cheltuieli decembrie 2024<\/a><\/h4>\n<h4><a href=\"http:\/\/liceul-cehov.md\/wp-content\/uploads\/2024\/12\/IPLT-Anton-Cehov-cheltuieli-noiembrie-2024.pdf\">IPLT Anton Cehov, cheltuieli noiembrie 2024<\/a><\/h4>\n<h4><a href=\"http:\/\/liceul-cehov.md\/wp-content\/uploads\/2024\/11\/IPLT-Anton-Cehov-cheltuieli-octombrie-2024.pdf\">IPLT Anton Cehov, cheltuieli octombrie 2024<\/a><\/h4>\n<h4><a href=\"http:\/\/liceul-cehov.md\/wp-content\/uploads\/2024\/10\/IPLT-Anton-Cehov-cheltuieli-septembrie-2024.pdf\">IPLT Anton Cehov, cheltuieli septembrie 2024<\/a><\/h4>\n<h4><a href=\"http:\/\/liceul-cehov.md\/wp-content\/uploads\/2024\/09\/IPLT-Anton-Cehov-cheltuieli-august-2024.pdf\">IPLT Anton Cehov, cheltuieli august 2024<\/a><\/h4>\n<h4><a href=\"http:\/\/liceul-cehov.md\/wp-content\/uploads\/2024\/08\/IPLT-Anton-Cehov-cheltuieli-iulie-2024.pdf\">IPLT Anton Cehov, cheltuieli iulie 2024<\/a><\/h4>\n<h4><a href=\"http:\/\/liceul-cehov.md\/wp-content\/uploads\/2024\/07\/IPLT-Anton-Cehov-cheltuieli-iunie-2024.pdf\">IPLT Anton Cehov, cheltuieli iunie 2024<\/a><\/h4>\n<h4><a href=\"http:\/\/liceul-cehov.md\/wp-content\/uploads\/2024\/05\/IPLT-Anton-Cehov-cheltuieli-aprilie-2024.pdf\">IPLT Anton Cehov, cheltuieli aprilie 2024<\/a><\/h4>\n<h4><a href=\"http:\/\/liceul-cehov.md\/wp-content\/uploads\/2024\/04\/IPLT-Anton-Cehov-cheltuieli-martie-2024.pdf\">IPLT Anton Cehov, cheltuieli, martie 2024<\/a><\/h4>\n<h4><a href=\"http:\/\/liceul-cehov.md\/wp-content\/uploads\/2024\/02\/IPLT-Anton-Cehov-Raport-anual-privind-controlul-intern-managerial.pdf\">IPLT Anton Cehov, Raport anual privind controlul intern managerial<\/a><\/h4>\n<h4><a href=\"http:\/\/liceul-cehov.md\/wp-content\/uploads\/2024\/03\/IPLT-Anton-Cehov-cheltuieli-februarie-2024.pdf\">IPLT Anton Cehov, cheltuieli februarie 2024<\/a><\/h4>\n<h4><a href=\"http:\/\/liceul-cehov.md\/wp-content\/uploads\/2024\/02\/IPLT-Anton-Cehov-cheltuieli-ianuarie-2024.pdf\">IPLT Anton Cehov, cheltuieli ianuarie 2024<\/a><\/h4>\n<h3>2023<\/h3>\n<h4><a href=\"http:\/\/liceul-cehov.md\/wp-content\/uploads\/2024\/02\/IPLT-Anton-Cehov-bunuri-cu-titlu-gratuit-01.11-31.12.2023-1.pdf\">IPLT Anton Cehov, bunuri cu titlu gratuit, 01.11-31.12.2023<\/a><\/h4>\n<h4><a href=\"http:\/\/liceul-cehov.md\/wp-content\/uploads\/2024\/01\/IPLT-Anton-Cehov-cheltuieli-decembrie-2023.pdf\">IPLT Anton Cehov, cheltuieli decembrie 2023<\/a><\/h4>\n<h4><a href=\"http:\/\/liceul-cehov.md\/wp-content\/uploads\/2023\/12\/IPLT-Anton-Cehov-cheltuieli-noiembrie-2023.pdf\">IPLT Anton Cehov, cheltuieli noiembrie 2023<\/a><\/h4>\n<h4><a href=\"http:\/\/liceul-cehov.md\/wp-content\/uploads\/2023\/11\/IPLT-Anton-Cehov-cheltuieli-octombrie-2023.pdf\">IPLT Anton Cehov, cheltuieli octombrie 2023<\/a><\/h4>\n<h4><a href=\"http:\/\/liceul-cehov.md\/wp-content\/uploads\/2023\/10\/IPLT-Anton-Cehov-cheltueili-septembrie-2023.pdf\">IPLT Anton Cehov, cheltueili septembrie 2023<\/a><\/h4>\n<h4><a href=\"http:\/\/liceul-cehov.md\/wp-content\/uploads\/2023\/09\/IPLT-Anton-Cehov-cheltuieli-august-2023.pdf\">IPLT Anton Cehov, cheltuieli august 2023<\/a><\/h4>\n<h4><a href=\"http:\/\/liceul-cehov.md\/wp-content\/uploads\/2023\/08\/IPLT-Anton-Cehov-cheltuieli-iulie-2023.pdf\">IPLT Anton Cehov, cheltuieli iulie 2023<\/a><\/h4>\n<h4><a href=\"http:\/\/liceul-cehov.md\/wp-content\/uploads\/2023\/07\/IPLT-Anton-Cehov-cheltuieli-iunie-2023.pdf\">IPLT Anton Cehov, cheltuieli iunie 2023<\/a><\/h4>\n<h4><a href=\"http:\/\/liceul-cehov.md\/wp-content\/uploads\/2023\/06\/IPLT-Anton-Cehov-cheltuieli-mai-2023.pdf\">IPLT Anton Cehov cheltuieli mai 2023<\/a><\/h4>\n<h4><a href=\"http:\/\/liceul-cehov.md\/wp-content\/uploads\/2023\/05\/IPLT-Anton-Cehov-cheltuieli-aprilie-2023.pdf\">IPLT Anton Cehov, cheltuieli aprilie 2023<\/a><\/h4>\n<h4><a href=\"http:\/\/liceul-cehov.md\/wp-content\/uploads\/2023\/04\/IPLT-Anton-Cehov-cheltuieli-martie-2023.pdf\">IPLT Anton Cehov, cheltuieli martie 2023<\/a><\/h4>\n<h4><a href=\"http:\/\/liceul-cehov.md\/wp-content\/uploads\/2023\/03\/IPLT-Anton-Cehov-cheltuieli-luna-februarie-2023.pdf\">IPLT Anton Cehov, cheltuieli luna februarie 2023<\/a><\/h4>\n<h4><a href=\"http:\/\/liceul-cehov.md\/wp-content\/uploads\/2023\/02\/IPLT-Anton-Cehov-cheltuieli-ianuarie-2023.pdf\">IPLT Anton Cehov, cheltuieli ianuarie 2023<\/a><\/h4>\n<h3>2022<\/h3>\n<h4><a href=\"http:\/\/liceul-cehov.md\/wp-content\/uploads\/2023\/01\/IPLT-Anton-Cehov-bunuri-materiale-primite-cu-titlu-gratuit-in-anul-2022.pdf\">IPLT Anton Cehov, bunuri materiale primite cu titlu gratuit \u00een anul <\/a><\/h4>\n<h4><a href=\"http:\/\/liceul-cehov.md\/wp-content\/uploads\/2023\/01\/Raportul-037.pdf\">Raportul-037<\/a><\/h4>\n<h4><a href=\"http:\/\/liceul-cehov.md\/wp-content\/uploads\/2023\/01\/IPLT-Anton-Cehov-cheltuieli-decembrie-2022.pdf\">IPLT Anton Cehov, cheltuieli decembrie 2022<\/a><\/h4>\n<h4><a href=\"http:\/\/liceul-cehov.md\/wp-content\/uploads\/2022\/12\/IPLT-Anton-Cehov-cheltuieli-noiembrie-2022.pdf\">IPLT Anton Cehov, cheltuieli noiembrie 2022<\/a><\/h4>\n<h4><a href=\"http:\/\/liceul-cehov.md\/wp-content\/uploads\/2022\/11\/IPLT-Anton-Cehov-cheltuieli-octombrie-2022.pdf\">IPLT Anton Cehov, cheltuieli octombrie 2022<\/a><\/h4>\n<h4><strong><a href=\"http:\/\/liceul-cehov.md\/wp-content\/uploads\/2022\/10\/IPLT-Anton-Cehov-cheltuieli-septembrie-2022.pdf\">IP<\/a><\/strong><strong><a href=\"http:\/\/liceul-cehov.md\/wp-content\/uploads\/2022\/10\/IPLT-Anton-Cehov-cheltuieli-septembrie-2022.pdf\">LT<\/a><\/strong><strong><a href=\"http:\/\/liceul-cehov.md\/wp-content\/uploads\/2022\/10\/IPLT-Anton-Cehov-cheltuieli-septembrie-2022.pdf\"> Anton<\/a><\/strong><strong><a href=\"http:\/\/liceul-cehov.md\/wp-content\/uploads\/2022\/10\/IPLT-Anton-Cehov-cheltuieli-septembrie-2022.pdf\"> Cehov,<\/a><\/strong> <strong><a href=\"http:\/\/liceul-cehov.md\/wp-content\/uploads\/2022\/10\/IPLT-Anton-Cehov-cheltuieli-septembrie-2022.pdf\">cheltuieli<\/a><\/strong><strong><a href=\"http:\/\/liceul-cehov.md\/wp-content\/uploads\/2022\/10\/IPLT-Anton-Cehov-cheltuieli-septembrie-2022.pdf\"> septembrie<\/a><\/strong><strong><a href=\"http:\/\/liceul-cehov.md\/wp-content\/uploads\/2022\/10\/IPLT-Anton-Cehov-cheltuieli-septembrie-2022.pdf\"> 2022<\/a><\/strong><\/h4>\n<h4><a href=\"http:\/\/liceul-cehov.md\/wp-content\/uploads\/2022\/09\/IPLT-Anton-Cehov-informatie-privind-cheltuieli-august-2022.pdf\">IPLT Anton Cehov, informatie privind cheltuieli, august 2022<\/a><br><a style=\"font-size: 1.2em;\" href=\"http:\/\/liceul-cehov.md\/wp-content\/uploads\/2022\/07\/Informatia_cheltuieli_IPLT_A.Cehov_-iulie2022.pdf\">Informatia_cheltuieli_IPLT_A.Cehov_iulie2022<\/a><em><strong><br><\/strong><\/em><\/h4>\n<h4><a href=\"http:\/\/liceul-cehov.md\/wp-content\/uploads\/2022\/07\/Informatia-cheltuieli-A.-Cehov-iunie-2022.pdf\">Informatia cheltuieli A. Cehov iunie 2022<\/a><\/h4>\n<h4><a href=\"http:\/\/liceul-cehov.md\/wp-content\/uploads\/2022\/06\/informatia-cheltuieli-IPLT-A.-Cehov-2022-mai.pdf\">informatia cheltuieli IPLT A. Cehov 2022 mai<\/a><\/h4>\n<h4><a href=\"http:\/\/liceul-cehov.md\/wp-content\/uploads\/2022\/05\/Informatia-cheltuieli-IPLT-A.-Cehov-aprilie-2022.pdf\">Informatia cheltuieli IPLT A. Cehov aprilie 2022<\/a><\/h4>\n<h4><a href=\"http:\/\/liceul-cehov.md\/wp-content\/uploads\/2022\/04\/Informatia-cheltuieli-IPLT-A.Cehov-martie-2022.pdf\">Informatia cheltuieli IPLT A.Cehov martie 2022<\/a><\/h4>\n<h4><a href=\"http:\/\/liceul-cehov.md\/wp-content\/uploads\/2022\/03\/Informatia-cheltuieli-IPLT-A.-Cehov-februarie-2022.pdf\">Informatia cheltuieli<\/a><a href=\"http:\/\/liceul-cehov.md\/wp-content\/uploads\/2022\/03\/Informatia-cheltuieli-IPLT-A.-Cehov-februarie-2022.pdf\"> IPLT<\/a><a href=\"http:\/\/liceul-cehov.md\/wp-content\/uploads\/2022\/03\/Informatia-cheltuieli-IPLT-A.-Cehov-februarie-2022.pdf\"> A. Cehov februarie 2022<\/a><em><strong><br><\/strong><\/em><\/h4>\n<h4><a href=\"http:\/\/liceul-cehov.md\/wp-content\/uploads\/2022\/02\/informatia-cheltuieli-IPLT-A.-Cehov-Ianuarie-2022.pdf\">informatia cheltuieli IPLT A. Cehov Ianuarie 2022<\/a><\/h4>\n<h4><a href=\"http:\/\/liceul-cehov.md\/wp-content\/uploads\/2022\/07\/Raport-financiar-an.2021.pdf\">Raport financiar an.2021<\/a><\/h4>\n<h4><a href=\"http:\/\/liceul-cehov.md\/wp-content\/uploads\/2021\/12\/informatia-cheltuieli-IPLT-A.-Cehov-decembrie-2021.pdf\">informatia cheltuieli IPLT A. Cehov decembrie 2021<\/a><br><a href=\"http:\/\/liceul-cehov.md\/wp-content\/uploads\/2021\/12\/Informa\u021bia-privind-cheltuielile-efectuate-pe-parcursul-lunii-noiembrie-2021.pdf\">Informa\u021bia privind cheltuielile efectuate pe parcursul lunii noiembrie 2021 IPLT Anton Cehov<\/a><br><a href=\"http:\/\/liceul-cehov.md\/wp-content\/uploads\/2021\/12\/Cheltuieli-IPLT-Anton-Cehov-octombrie-2021.pdf\">Cheltuieli IPLT Anton Cehov octombrie 2021<\/a><br><a href=\"http:\/\/liceul-cehov.md\/wp-content\/uploads\/2021\/12\/Cheltuieli-efectuate-septembrie-2021-IPLT-Anton-Cehov.pdf\">Cheltuieli efectuate, septembrie 2021, IPLT Anton Cehov<\/a><br><a href=\"http:\/\/liceul-cehov.md\/wp-content\/uploads\/2022\/02\/IPLT-Anton-Cehov.pdf\">IPLT Anton Cehov<\/a><br><a href=\"http:\/\/liceul-cehov.md\/wp-content\/uploads\/2021\/12\/Buget-executat-august-2021.pdf\">Buget executat august 2021<\/a><\/h4>\n<p>&nbsp;<\/p>\n<p>&nbsp;<\/p>\n<h2>\u041f\u0440\u0430\u0432\u0438\u043b\u0430 \u0438\u0441\u043f\u043e\u043b\u044c\u0437\u043e\u0432\u0430\u043d\u0438\u044f \u043c\u043e\u0431\u0438\u043b\u044c\u043d\u044b\u0445 \u0442\u0435\u043b\u0435\u0444\u043e\u043d\u043e\u0432<\/h2>\n<p><a href=\"http:\/\/liceul-cehov.md\/wp-content\/uploads\/2025\/03\/IPLT-Anton-Cehov-regulamentul-privind-utilizarea-telefoanelor-mobile.pdf\">IPLT Anton Cehov, regulamentul privind utilizarea telefoanelor mobile<\/a><\/p>\n<h2 id=\"mce_21\" class=\"editor-rich-text__tinymce mce-content-body\" role=\"textbox\" contenteditable=\"true\" aria-label=\"\u0412\u0432\u0435\u0434\u0438\u0442\u0435 \u0437\u0430\u0433\u043e\u043b\u043e\u0432\u043e\u043a...\" aria-autocomplete=\"list\" aria-multiline=\"true\" data-is-placeholder-visible=\"false\">\u041f\u0440\u0430\u0432\u0438\u043b\u0430 \u0432\u043d\u0443\u0442\u0440\u0435\u043d\u043d\u0435\u0433\u043e \u0440\u0430\u0441\u043f\u043e\u0440\u044f\u0434\u043a\u0430 \u0422\u0435\u043e\u0440\u0435\u0442\u0438\u0447\u0435\u0441\u043a\u043e\u0433\u043e \u041b\u0438\u0446\u0435\u044f \u0438\u043c.\u0410\u043d\u0442\u043e\u043d\u0430 \u0427\u0435\u0445\u043e\u0432\u0430<\/h2>\nngg_shortcode_0_placeholder\n<h2>\u041f\u0440\u0430\u0432\u0438\u043b\u0430 \u043e\u0440\u0433\u0430\u043d\u0438\u0437\u0430\u0446\u0438\u0438 \u0438 \u0444\u0443\u043d\u043a\u0446\u0438\u043e\u043d\u0438\u0440\u043e\u0432\u0430\u043d\u0438\u044f \u0422\u0435\u043e\u0440\u0435\u0442\u0438\u0447\u0435\u0441\u043a\u043e\u0433\u043e \u041b\u0438\u0446\u0435\u044f \u0438\u043c.\u0410\u043d\u0442\u043e\u043d\u0430 \u0427\u0435\u0445\u043e\u0432\u0430<\/h2>\n<p><a href=\"http:\/\/liceul-cehov.md\/wp-content\/uploads\/2026\/04\/Regulamentul-de-organizare-si-functionare-a-liceului.pdf\">Regulamentul de organizare si functionare a liceului<\/a><\/p>\n<p><a href=\"http:\/\/liceul-cehov.md\/wp-content\/uploads\/2026\/04\/Statutul-IPLT-Anton-Cehov-1.pdf\">Statutul IPLT Anton Cehov (1)<\/a><\/p>\n\n\n<p><\/p>\n\n\n\n<p><\/p>\n","protected":false},"excerpt":{"rendered":"<p>Buget 2025 Raspundere manageriala Realizarea achizitiilor publice de valoarea mica RAPORT_privind_monitorizarea_contractelor_de_achizitii_publice IPLT Anton Cehov, raport privind monitorizarea contractelor de achizi\u0163ii publice \u00eencheiate \u00een anul 2024 IPLT Anton Cehov, bugetul provizoriu pentru anul 2025 IPLT Anton Cehov, bunuri donate \u00een anul 2024 IPLT Anton Cehov bunuri intrate cu titlu gratuit \u00een anul 2024 IPLT Anton Cehov, &hellip; <a href=\"http:\/\/liceul-cehov.md\/?page_id=167\">Continue reading <span class=\"meta-nav\">&rarr;<\/span><\/a><\/p>\n","protected":false},"author":1,"featured_media":0,"parent":0,"menu_order":0,"comment_status":"closed","ping_status":"closed","template":"","meta":{"ngg_post_thumbnail":0,"footnotes":""},"class_list":["post-167","page","type-page","status-publish","hentry"],"_links":{"self":[{"href":"http:\/\/liceul-cehov.md\/index.php?rest_route=\/wp\/v2\/pages\/167","targetHints":{"allow":["GET"]}}],"collection":[{"href":"http:\/\/liceul-cehov.md\/index.php?rest_route=\/wp\/v2\/pages"}],"about":[{"href":"http:\/\/liceul-cehov.md\/index.php?rest_route=\/wp\/v2\/types\/page"}],"author":[{"embeddable":true,"href":"http:\/\/liceul-cehov.md\/index.php?rest_route=\/wp\/v2\/users\/1"}],"replies":[{"embeddable":true,"href":"http:\/\/liceul-cehov.md\/index.php?rest_route=%2Fwp%2Fv2%2Fcomments&post=167"}],"version-history":[{"count":120,"href":"http:\/\/liceul-cehov.md\/index.php?rest_route=\/wp\/v2\/pages\/167\/revisions"}],"predecessor-version":[{"id":2361,"href":"http:\/\/liceul-cehov.md\/index.php?rest_route=\/wp\/v2\/pages\/167\/revisions\/2361"}],"wp:attachment":[{"href":"http:\/\/liceul-cehov.md\/index.php?rest_route=%2Fwp%2Fv2%2Fmedia&parent=167"}],"curies":[{"name":"wp","href":"https:\/\/api.w.org\/{rel}","templated":true}]}}